{"id":700,"date":"2023-07-21T15:38:29","date_gmt":"2023-07-21T18:38:29","guid":{"rendered":"https:\/\/segurancahumana.com.br\/?page_id=700"},"modified":"2023-07-27T11:52:33","modified_gmt":"2023-07-27T14:52:33","slug":"teste","status":"publish","type":"page","link":"https:\/\/segurancahumana.com.br\/?page_id=700","title":{"rendered":"Cursos de Extens\u00e3o"},"content":{"rendered":"\n<p class=\"has-text-align-justify\">Os cursos de extens\u00e3o s\u00e3o uma oportunidade excepcional de continuar aprendendo al\u00e9m dos limites das grades curriculares tradicionais. Eles oferecem a flexibilidade para explorar t\u00f3picos espec\u00edficos de interesse ou desenvolver novas habilidades em um ambiente acad\u00eamico estimulante. Se voc\u00ea deseja se aprofundar em uma \u00e1rea que \u00e9 apaixonado(a), mudar de carreira, atualizar-se em sua profiss\u00e3o atual ou at\u00e9 mesmo explorar novos hobbies, nossos cursos de extens\u00e3o s\u00e3o a resposta!<\/p>\n\n\n\n<div style=\"height:20px\" aria-hidden=\"true\" class=\"wp-block-spacer\"><\/div>\n\n\n\n<p><\/p>\n\n\n\n<div class=\"wp-block-buttons has-custom-font-size has-medium-font-size is-content-justification-center is-layout-flex wp-container-core-buttons-is-layout-16018d1d wp-block-buttons-is-layout-flex\">\n<div class=\"wp-block-button has-ek-indent\" style=\"--ek-indent:20px\"><a class=\"wp-block-button__link wp-element-button\" href=\"https:\/\/segurancahumana.com.br\/?p=580\">COMPLIANCE E ANTICORRUP\u00c7\u00c3O<\/a><\/div>\n<\/div>\n\n\n\n<p><\/p>\n\n\n\n<div class=\"wp-block-buttons is-content-justification-center is-layout-flex wp-container-core-buttons-is-layout-16018d1d wp-block-buttons-is-layout-flex\">\n<div class=\"wp-block-button\"><a class=\"wp-block-button__link wp-element-button\" href=\"https:\/\/segurancahumana.com.br\/?p=549\">JUSTI\u00c7A SOCIAL, CRIMINALIDADE, DIREITOS HUMANOS E SEGURAN\u00c7A HUMANA<\/a><\/div>\n<\/div>\n\n\n\n<p><\/p>\n\n\n\n<div class=\"wp-block-buttons is-content-justification-center is-layout-flex wp-container-core-buttons-is-layout-16018d1d wp-block-buttons-is-layout-flex\">\n<div class=\"wp-block-button\"><a class=\"wp-block-button__link wp-element-button\" href=\"https:\/\/segurancahumana.com.br\/?p=549\">PRIS\u00c3O ARBITR\u00c1RIA<\/a><\/div>\n<\/div>\n\n\n\n<div style=\"height:20px\" aria-hidden=\"true\" class=\"wp-block-spacer\"><\/div>\n\n\n\n<p class=\"has-text-align-justify\">As inscri\u00e7\u00f5es est\u00e3o abertas e as vagas s\u00e3o limitadas. Portanto, n\u00e3o deixe para depois e garanta seu lugar nessa jornada de descobertas e crescimento. Amplie suas habilidades, aprimore seu conhecimento atrav\u00e9s dos nossos cursos de extens\u00e3o. <\/p>\n\n\n\n<p class=\"has-text-align-center\">Para mais informa\u00e7\u00f5es ou d\u00favidas, entre em contato com a secretaria acad\u00eamica atrav\u00e9s do e-mail \u2013&nbsp;<a href=\"https:\/\/segurancahumana.com.br\/cursos.faculdade@segurancahumana.com.br\" class=\"ek-link\">cursos.faculdade@segurancahumana.com.br<\/a><\/p>\n\n\n\n<p><\/p>\n\n\n\n<p><\/p>\n","protected":false},"excerpt":{"rendered":"<p>Os cursos de extens\u00e3o s\u00e3o uma oportunidade excepcional de continuar aprendendo al\u00e9m dos limites das grades curriculares tradicionais. Eles oferecem a flexibilidade para explorar t\u00f3picos espec\u00edficos de interesse ou desenvolver novas habilidades em um ambiente acad\u00eamico estimulante. Se voc\u00ea deseja se aprofundar em uma \u00e1rea que \u00e9 apaixonado(a), mudar de carreira, atualizar-se em sua profiss\u00e3o [&hellip;]<\/p>\n","protected":false},"author":1,"featured_media":0,"parent":0,"menu_order":0,"comment_status":"closed","ping_status":"closed","template":"","meta":{"_editorskit_title_hidden":false,"_editorskit_reading_time":0,"_editorskit_is_block_options_detached":false,"_editorskit_block_options_position":"{}","footnotes":""},"class_list":["post-700","page","type-page","status-publish","hentry"],"_links":{"self":[{"href":"https:\/\/segurancahumana.com.br\/index.php?rest_route=\/wp\/v2\/pages\/700","targetHints":{"allow":["GET"]}}],"collection":[{"href":"https:\/\/segurancahumana.com.br\/index.php?rest_route=\/wp\/v2\/pages"}],"about":[{"href":"https:\/\/segurancahumana.com.br\/index.php?rest_route=\/wp\/v2\/types\/page"}],"author":[{"embeddable":true,"href":"https:\/\/segurancahumana.com.br\/index.php?rest_route=\/wp\/v2\/users\/1"}],"replies":[{"embeddable":true,"href":"https:\/\/segurancahumana.com.br\/index.php?rest_route=%2Fwp%2Fv2%2Fcomments&post=700"}],"version-history":[{"count":17,"href":"https:\/\/segurancahumana.com.br\/index.php?rest_route=\/wp\/v2\/pages\/700\/revisions"}],"predecessor-version":[{"id":723,"href":"https:\/\/segurancahumana.com.br\/index.php?rest_route=\/wp\/v2\/pages\/700\/revisions\/723"}],"wp:attachment":[{"href":"https:\/\/segurancahumana.com.br\/index.php?rest_route=%2Fwp%2Fv2%2Fmedia&parent=700"}],"curies":[{"name":"wp","href":"https:\/\/api.w.org\/{rel}","templated":true}]}}